{"id":22139,"date":"2021-08-30T11:09:02","date_gmt":"2021-08-30T09:09:02","guid":{"rendered":"https:\/\/d-identify.be\/cookie-richtlinie\/"},"modified":"2024-05-22T10:14:28","modified_gmt":"2024-05-22T08:14:28","slug":"cookie-richtlinie","status":"publish","type":"page","link":"https:\/\/d-identify.be\/de\/cookie-richtlinie\/","title":{"rendered":"Cookie-Richtlinie"},"content":{"rendered":"<p>[et_pb_section fb_built=&#8220;1&#8243; _builder_version=&#8220;4.16&#8243; custom_padding=&#8220;0px|||||&#8220; global_colors_info=&#8220;{}&#8220; da_is_popup=&#8220;off&#8220; da_exit_intent=&#8220;off&#8220; da_has_close=&#8220;on&#8220; da_alt_close=&#8220;off&#8220; da_dark_close=&#8220;off&#8220; da_not_modal=&#8220;on&#8220; da_is_singular=&#8220;off&#8220; da_with_loader=&#8220;off&#8220; da_has_shadow=&#8220;on&#8220; da_disable_devices=&#8220;off|off|off&#8220;][et_pb_row _builder_version=&#8220;4.16&#8243; background_size=&#8220;initial&#8220; background_position=&#8220;top_left&#8220; background_repeat=&#8220;repeat&#8220; custom_padding=&#8220;40px|||||&#8220; global_colors_info=&#8220;{}&#8220;][et_pb_column type=&#8220;4_4&#8243; _builder_version=&#8220;4.16&#8243; custom_padding=&#8220;|||&#8220; global_colors_info=&#8220;{}&#8220; custom_padding__hover=&#8220;|||&#8220;][et_pb_text _builder_version=&#8220;4.16&#8243; background_size=&#8220;initial&#8220; background_position=&#8220;top_left&#8220; background_repeat=&#8220;repeat&#8220; global_colors_info=&#8220;{}&#8220;]<\/p>\n<h1>Cookie-Richtlinie<\/h1>\n<p>[\/et_pb_text][et_pb_text _builder_version=&#8220;4.16&#8243; background_size=&#8220;initial&#8220; background_position=&#8220;top_left&#8220; background_repeat=&#8220;repeat&#8220; global_colors_info=&#8220;{}&#8220;]<\/p>\n<div class=\"et_pb_module et_pb_text et_pb_text_2 et_pb_text_align_left et_pb_bg_layout_light\">\n<div class=\"et_pb_text_inner\">\n<p><strong>CONTROLLER:<\/strong><\/p>\n<p><b>D-identify BV <\/b><br \/>Industriepark West 75<br \/>9100 Sint Niklaas<br \/>Belgium<br \/>BE0792.876.119<\/p>\n<p>+32 (0)3 780 17 06<br \/><a href=\"mailto:info@d-identify.be\">info@d-identify.be<\/a><\/p>\n<\/div>\n<\/div>\n<div class=\"et_pb_module et_pb_text et_pb_text_3 et_pb_text_align_left et_pb_bg_layout_light\">\n<div class=\"et_pb_text_inner\">\n<p><strong>WAS SIND COOKIES?<\/strong><\/p>\n<p>Cookies sind kleine Daten- oder Textdateien, die Websites auf Ihrem lokalen Computer ablegen.<br \/>\nSolche Cookies k\u00f6nnen unterschiedliche Zwecke haben: Es gibt zum Beispiel technische Cookies (z.B. Spracheinstellungen), Sitzungscookies (tempor\u00e4re Cookies) und Tracking-Cookies (Cookies, die Ihr Verhalten auf der Website verfolgen und nachverfolgen, um Ihnen ein optimaleres Benutzererlebnis zu bieten). <\/p>\n<p>Ein Cookie enth\u00e4lt einen eindeutigen Code, der es erm\u00f6glicht, Ihren Browser w\u00e4hrend eines Besuchs auf der Website wiederzuerkennen oder Ihre Benutzererfahrung bei wiederholten Besuchen der Plattform zu verbessern.<\/p>\n<p>Cookies k\u00f6nnen vom Server der Website, die Sie besuchen, oder von einem Partner, mit dem diese Website zusammenarbeitet, gesetzt werden.<br \/>\nDer Server der Website kann nur die Cookies lesen, die er selbst platziert hat.<br \/>\nEr hat keinen Zugriff auf andere Informationen, die auf Ihrem Computer oder Mobilger\u00e4t gespeichert sind.  <\/p>\n<p>Der Inhalt eines Cookies besteht in der Regel aus dem Namen des Servers, der das Cookie platziert hat, einem Verfallsdatum und einem eindeutigen Zahlencode.<\/p>\n<p>Cookies machen im Allgemeinen die Interaktion zwischen Besuchern und der Website einfacher und schneller und helfen den Besuchern, zwischen den verschiedenen Teilen der Website zu navigieren.<br \/>\nCookies k\u00f6nnen auch verwendet werden, um den Inhalt der Website auf den Benutzer abzustimmen. <\/p>\n<p>Weitere Informationen \u00fcber die Arten von Cookies finden Sie unter www.allaboutcookies.org.<\/p>\n<p><strong>Wir verwenden die folgenden Cookies auf unserer Website:<\/strong><\/p>\n<ol>\n<li><strong>Cookies der ersten Partei<\/strong><\/li>\n<\/ol>\n<table>\n<tbody>\n<tr>\n<td width=\"128\">\n<p><strong>Keks<\/strong><\/p>\n<\/td>\n<td width=\"250\">\n<p><strong>Beschreibung<\/strong><\/p>\n<\/td>\n<td width=\"76\">\n<p><strong>Dauer<\/strong><\/p>\n<\/td>\n<td width=\"91\">\n<p><strong>Typ<\/strong><\/p>\n<\/td>\n<\/tr>\n<tr>\n<td width=\"128\">\n<p>CookieLawInfoConsent<\/p>\n<\/td>\n<td width=\"250\">\n<p>Fasst die Cookie-Einwilligungen des Visotor zusammen<\/p>\n<\/td>\n<td width=\"76\">\n<p>1 Jahr<\/p>\n<\/td>\n<td width=\"91\">\n<p>Funktional<\/p>\n<\/td>\n<\/tr>\n<tr>\n<td width=\"128\">\n<p>cookielawinfo-checkbox-non-necessary<\/p>\n<\/td>\n<td width=\"250\">\n<p>Registriert die Pr\u00e4ferenzen der Besucher in Bezug auf nicht ben\u00f6tigte Cookies.<\/p>\n<\/td>\n<td width=\"76\">\n<p>1 Jahr<\/p>\n<\/td>\n<td width=\"91\">\n<p>Funktional<\/p>\n<\/td>\n<\/tr>\n<tr>\n<td width=\"128\">\n<p>cookielawinfo-checkbox-necessary<\/p>\n<\/td>\n<td width=\"250\">\n<p>Registriert die Pr\u00e4ferenzen der Besucher in Bezug auf notwendige Cookies.<\/p>\n<\/td>\n<td width=\"76\">\n<p>1 Jahr<\/p>\n<\/td>\n<td width=\"91\">\n<p>Funktional<\/p>\n<\/td>\n<\/tr>\n<tr>\n<td width=\"128\">\n<p>viewed_cookie_policy<\/p>\n<\/td>\n<td width=\"250\">\n<p>Registriert, ob der Besucher die Cookie-Erkl\u00e4rung eingesehen hat oder nicht<\/p>\n<\/td>\n<td width=\"76\">\n<p>1 Jahr<\/p>\n<\/td>\n<td width=\"91\">\n<p>Funktional<\/p>\n<\/td>\n<\/tr>\n<\/tbody>\n<\/table>\n<p><strong> <\/strong><\/p>\n<ol start=\"2\">\n<li><strong>Cookies von Dritten<\/strong><\/li>\n<\/ol>\n<table>\n<tbody>\n<tr>\n<td colspan=\"2\" width=\"128\">\n<p><strong>Keks<\/strong><\/p>\n<\/td>\n<td width=\"250\">\n<p><strong>Beschreibung  <\/strong><\/p>\n<\/td>\n<td width=\"76\">\n<p><strong>Dauer<\/strong><\/p>\n<\/td>\n<td width=\"91\">\n<p><strong>Typ<\/strong><\/p>\n<\/td>\n<\/tr>\n<tr>\n<td colspan=\"2\" width=\"128\">\n<p>_ga, _ga_*<\/p>\n<\/td>\n<td width=\"250\">\n<p>Diese Cookies werden verwendet, um eine Statistik \u00fcber die Anzahl der Seitenbesuche, Sitzungen und Kampagnendaten zu erhalten. Die Cookies speichern Informationen auf anonyme Weise und es wird eine zuf\u00e4llig generierte ID verwendet.<\/p>\n<\/td>\n<td width=\"76\">\n<p>2 Jahre<\/p>\n<\/td>\n<td width=\"91\">\n<p>Analytisch<\/p>\n<p>&nbsp;<\/p>\n<\/td>\n<\/tr>\n<tr>\n<td colspan=\"2\" width=\"128\">\n<p>_gid<\/p>\n<\/td>\n<td width=\"250\">\n<p>Dieses Cookie wird verwendet, um zu verfolgen, wie Besucher die Website nutzen.<br \/>\nEs dient auch dazu, analytische Berichte \u00fcber die Website zu erstellen.<br \/>\nDie gesammelten Daten, insbesondere die Anzahl der Seitenbesuche, die Quelle des Besuchers und die Seiten, die der Besucher besucht hat, werden in anonymer Form gespeichert.  <\/p>\n<\/td>\n<td width=\"76\">\n<p>1 Tag<\/p>\n<\/td>\n<td width=\"91\">\n<p>Analytisch<\/p>\n<p>&nbsp;<\/p>\n<\/td>\n<\/tr>\n<tr>\n<td colspan=\"2\" width=\"128\">\n<p>DV<\/p>\n<\/td>\n<td width=\"250\">\n<p>Dieses Cookie wird von Google zu Marketingzwecken gespeichert.<\/p>\n<\/td>\n<td width=\"76\">\n<p>Sitzung<\/p>\n<\/td>\n<td width=\"91\">\n<p>Nachverfolgung<\/p>\n<\/td>\n<\/tr>\n<tr>\n<td colspan=\"2\" width=\"128\">\n<p>OTZ, 1P_JAR<\/p>\n<\/td>\n<td width=\"250\">\n<p>Diese Cookies werden von Google zu Marketingzwecken gespeichert<\/p>\n<\/td>\n<td width=\"76\">\n<p>1 Monat<\/p>\n<\/td>\n<td width=\"91\">\n<p>Nachverfolgung<\/p>\n<p>&nbsp;<\/p>\n<\/td>\n<\/tr>\n<tr>\n<td width=\"127\">\n<p>APISID, HSID, SID, SSID, SAPISID, APISID, __Secure-3PSID, __Secure-3PAPISID<\/p>\n<\/td>\n<td colspan=\"2\" width=\"251\">\n<p>Diese Cookies werden von Google zu Marketingzwecken gespeichert<\/p>\n<\/td>\n<td width=\"76\">\n<p>2 Jahre<\/p>\n<\/td>\n<td width=\"91\">\n<p>Nachverfolgung<\/p>\n<\/td>\n<\/tr>\n<tr>\n<td width=\"127\">\n<p>SIDCC,<\/p>\n<p>__Secure-3PSIDCC<\/p>\n<\/td>\n<td colspan=\"2\" width=\"251\">\n<p>Diese Cookies werden von Google zu Marketingzwecken gespeichert.<\/p>\n<\/td>\n<td width=\"76\">\n<p>1 Jahr<\/p>\n<\/td>\n<td width=\"91\">\n<p>Nachverfolgung<\/p>\n<\/td>\n<\/tr>\n<tr>\n<td width=\"127\">\n<p>NID, SEARCH_SAMESITE<\/p>\n<\/td>\n<td colspan=\"2\" width=\"251\">\n<p>Diese Cookies werden von Google zu Marketingzwecken gespeichert.<\/p>\n<\/td>\n<td width=\"76\">\n<p>6 Monate<\/p>\n<\/td>\n<td width=\"91\">\n<p>Nachverfolgung<\/p>\n<\/td>\n<\/tr>\n<tr>\n<td width=\"127\"><\/td>\n<td width=\"1\"><\/td>\n<td width=\"250\"><\/td>\n<td width=\"76\"><\/td>\n<td width=\"91\"><\/td>\n<\/tr>\n<\/tbody>\n<\/table>\n<p>&nbsp;<\/p>\n<p><strong>COOKIE-VERWALTUNG<\/strong><\/p>\n<p>Bei Ihrem ersten Besuch auf dieser Website werden Sie aufgefordert, die oben genannten Cookies von Dritten zu akzeptieren.<br \/>\nSie k\u00f6nnen Cookies Kategorie f\u00fcr Kategorie zulassen oder ablehnen.<br \/>\nSie k\u00f6nnen die Cookie-Einstellungen f\u00fcr diese Website jederzeit \u00fcber den Hyperlink am unteren Rand unserer Website \u00e4ndern und so Ihre Zustimmung zur\u00fcckziehen.  <\/p>\n<p>Sie k\u00f6nnen die Installation dieser Cookies ablehnen, indem Sie bei der ersten Nutzung der Website in dem zu diesem Zweck angebotenen Popup-Fenster w\u00e4hlen, dass Sie keine Cookies akzeptieren.<\/p>\n<p>Sie k\u00f6nnen die Installation von Cookies \u00fcber Ihre Browsereinstellungen ablehnen.<br \/>\nDie Deaktivierung von Cookies kann dazu f\u00fchren, dass Sie bestimmte Funktionen dieser Website nicht nutzen k\u00f6nnen.<br \/>\nAuf der folgenden Website finden Sie die Vorgehensweise zur Ablehnung von Cookies f\u00fcr die am h\u00e4ufigsten verwendeten Browser:  <span> <\/span><a href=\"http:\/\/www.aboutcookies.org\/\">http:\/\/www.aboutcookies.org\/.<\/a><\/p>\n<p>Sie k\u00f6nnen auch bereits installierte Cookies jederzeit von Ihrem Browser, Computer oder Mobilger\u00e4t l\u00f6schen.<\/p>\n<p>Wenn Sie diese Website in vollem Umfang und ohne Einschr\u00e4nkungen nutzen m\u00f6chten, sollten Sie sicherstellen, dass Cookies in Ihrem Browser aktiviert sind.<br \/>\nUm Cookies zu aktivieren, m\u00fcssen Sie die folgenden Aktionen durchf\u00fchren: <\/p>\n<p><u>Nach Browser &#8211; Microsoft Internet Explorer<\/u><\/p>\n<ul>\n<li>Klicken Sie im Internet Explorer auf &#8222;Internetoptionen&#8220; im Men\u00fc &#8222;Extras&#8220;.<\/li>\n<li>Stellen Sie auf der Registerkarte &#8218;Datenschutz&#8216; den Schieberegler auf &#8217;niedrig&#8216; oder &#8218;alle Cookies akzeptieren&#8216; (bei einer Einstellung \u00fcber &#8218;mittel&#8216; werden Cookies deaktiviert).<\/li>\n<li>Klicken Sie auf &#8218;OK&#8216;.<\/li>\n<\/ul>\n<p><u>Nach Browser &#8211; Mozilla Firefox<\/u><\/p>\n<ul>\n<li>Klicken Sie in der oberen linken Ecke Ihres Browsers auf &#8222;Firefox&#8220; und dann auf &#8222;Optionen&#8220;.<\/li>\n<li>Vergewissern Sie sich auf der Registerkarte &#8218;Datenschutz&#8216;, dass das H\u00e4kchen bei &#8218;Ich m\u00f6chte nicht verfolgt werden&#8216; nicht gesetzt ist.<\/li>\n<li>Klicken Sie auf &#8218;OK&#8216;.<\/li>\n<\/ul>\n<p><u>Nach Browser &#8211; Google Chrome<\/u><\/p>\n<ul>\n<li>Klicken Sie auf das Symbol &#8222;Mehr&#8220; oben rechts in Ihrem Browserfenster und w\u00e4hlen Sie &#8222;Einstellungen&#8220;.<\/li>\n<li>Klicken Sie auf der linken Seite auf &#8218;Datenschutz und Sicherheit&#8216;.<\/li>\n<li>W\u00e4hlen Sie nun &#8218;Alle Cookies zulassen.<\/li>\n<\/ul>\n<p><u>Nach Browser &#8211; Safari<\/u><\/p>\n<ul>\n<li>Klicken Sie auf die Option &#8218;Bevorzugt&#8216; oben in Ihrem Browserfenster.<\/li>\n<li>Klicken Sie auf &#8218;Datenschutz&#8216; und deaktivieren Sie dann die folgenden Optionen: Cross-Site-Tracking verhindern&#8220; und &#8222;Alle Cookies blockieren&#8220;.<\/li>\n<\/ul>\n<p>Sollten Sie nach dem Lesen dieser Cookie-Erkl\u00e4rung noch Fragen oder Anmerkungen zu Cookies haben, k\u00f6nnen Sie uns jederzeit \u00fcber die oben genannten Kontaktdaten kontaktieren.<\/p>\n<\/div>\n<\/div>\n<p>[\/et_pb_text][\/et_pb_column][\/et_pb_row][\/et_pb_section]<\/p>\n","protected":false},"excerpt":{"rendered":"<p>Cookie-Richtlinie CONTROLLER: D-identify BV Industriepark West 759100 Sint NiklaasBelgiumBE0792.876.119 +32 (0)3 780 17 06info@d-identify.be WAS SIND COOKIES? Cookies sind kleine Daten- oder Textdateien, die Websites auf Ihrem lokalen Computer ablegen. Solche Cookies k\u00f6nnen unterschiedliche Zwecke haben: Es gibt zum Beispiel technische Cookies (z.B. Spracheinstellungen), Sitzungscookies (tempor\u00e4re Cookies) und Tracking-Cookies (Cookies, die Ihr Verhalten auf der [&hellip;]<\/p>\n","protected":false},"author":1,"featured_media":0,"parent":0,"menu_order":0,"comment_status":"closed","ping_status":"open","template":"","meta":{"_acf_changed":false,"_et_pb_use_builder":"on","_et_pb_old_content":"","_et_gb_content_width":"","footnotes":""},"class_list":["post-22139","page","type-page","status-publish","hentry"],"acf":[],"yoast_head":"<!-- This site is optimized with the Yoast SEO Premium plugin v27.0 (Yoast SEO v27.1) - https:\/\/yoast.com\/product\/yoast-seo-premium-wordpress\/ -->\n<title>Cookie-Richtlinie - d-identify<\/title>\n<meta name=\"robots\" content=\"index, follow, max-snippet:-1, max-image-preview:large, max-video-preview:-1\" \/>\n<link rel=\"canonical\" href=\"https:\/\/d-identify.be\/de\/cookie-richtlinie\/\" \/>\n<meta property=\"og:locale\" content=\"de_DE\" \/>\n<meta property=\"og:type\" content=\"article\" \/>\n<meta property=\"og:title\" content=\"Cookie-Richtlinie\" \/>\n<meta property=\"og:description\" content=\"Cookie-Richtlinie CONTROLLER: D-identify BV Industriepark West 759100 Sint NiklaasBelgiumBE0792.876.119 +32 (0)3 780 17 06info@d-identify.be WAS SIND COOKIES? Cookies sind kleine Daten- oder Textdateien, die Websites auf Ihrem lokalen Computer ablegen. Solche Cookies k\u00f6nnen unterschiedliche Zwecke haben: Es gibt zum Beispiel technische Cookies (z.B. Spracheinstellungen), Sitzungscookies (tempor\u00e4re Cookies) und Tracking-Cookies (Cookies, die Ihr Verhalten auf der [&hellip;]\" \/>\n<meta property=\"og:url\" content=\"https:\/\/d-identify.be\/de\/cookie-richtlinie\/\" \/>\n<meta property=\"og:site_name\" content=\"d-identify\" \/>\n<meta property=\"article:modified_time\" content=\"2024-05-22T08:14:28+00:00\" \/>\n<meta property=\"og:image\" content=\"https:\/\/d-identify.be\/wp-content\/uploads\/2022\/07\/Logo-creating-Print-Solutions.png\" \/>\n\t<meta property=\"og:image:width\" content=\"3989\" \/>\n\t<meta property=\"og:image:height\" content=\"1675\" \/>\n\t<meta property=\"og:image:type\" content=\"image\/png\" \/>\n<meta name=\"twitter:card\" content=\"summary_large_image\" \/>\n<meta name=\"twitter:label1\" content=\"Gesch\u00e4tzte Lesezeit\" \/>\n\t<meta name=\"twitter:data1\" content=\"5\u00a0Minuten\" \/>\n<script type=\"application\/ld+json\" class=\"yoast-schema-graph\">{\"@context\":\"https:\/\/schema.org\",\"@graph\":[{\"@type\":\"WebPage\",\"@id\":\"https:\/\/d-identify.be\/de\/cookie-richtlinie\/\",\"url\":\"https:\/\/d-identify.be\/de\/cookie-richtlinie\/\",\"name\":\"Cookie-Richtlinie - d-identify\",\"isPartOf\":{\"@id\":\"https:\/\/d-identify.be\/de\/#website\"},\"datePublished\":\"2021-08-30T09:09:02+00:00\",\"dateModified\":\"2024-05-22T08:14:28+00:00\",\"breadcrumb\":{\"@id\":\"https:\/\/d-identify.be\/de\/cookie-richtlinie\/#breadcrumb\"},\"inLanguage\":\"de\",\"potentialAction\":[{\"@type\":\"ReadAction\",\"target\":[\"https:\/\/d-identify.be\/de\/cookie-richtlinie\/\"]}]},{\"@type\":\"BreadcrumbList\",\"@id\":\"https:\/\/d-identify.be\/de\/cookie-richtlinie\/#breadcrumb\",\"itemListElement\":[{\"@type\":\"ListItem\",\"position\":1,\"name\":\"Home\",\"item\":\"https:\/\/d-identify.be\/de\/home-2\/\"},{\"@type\":\"ListItem\",\"position\":2,\"name\":\"Cookie-Richtlinie\"}]},{\"@type\":\"WebSite\",\"@id\":\"https:\/\/d-identify.be\/de\/#website\",\"url\":\"https:\/\/d-identify.be\/de\/\",\"name\":\"d-identify\",\"description\":\"Industrial identification - Lockout - Tagout - Floor marking\",\"potentialAction\":[{\"@type\":\"SearchAction\",\"target\":{\"@type\":\"EntryPoint\",\"urlTemplate\":\"https:\/\/d-identify.be\/de\/?s={search_term_string}\"},\"query-input\":{\"@type\":\"PropertyValueSpecification\",\"valueRequired\":true,\"valueName\":\"search_term_string\"}}],\"inLanguage\":\"de\"}]}<\/script>\n<!-- \/ Yoast SEO Premium plugin. -->","yoast_head_json":{"title":"Cookie-Richtlinie - d-identify","robots":{"index":"index","follow":"follow","max-snippet":"max-snippet:-1","max-image-preview":"max-image-preview:large","max-video-preview":"max-video-preview:-1"},"canonical":"https:\/\/d-identify.be\/de\/cookie-richtlinie\/","og_locale":"de_DE","og_type":"article","og_title":"Cookie-Richtlinie","og_description":"Cookie-Richtlinie CONTROLLER: D-identify BV Industriepark West 759100 Sint NiklaasBelgiumBE0792.876.119 +32 (0)3 780 17 06info@d-identify.be WAS SIND COOKIES? Cookies sind kleine Daten- oder Textdateien, die Websites auf Ihrem lokalen Computer ablegen. Solche Cookies k\u00f6nnen unterschiedliche Zwecke haben: Es gibt zum Beispiel technische Cookies (z.B. Spracheinstellungen), Sitzungscookies (tempor\u00e4re Cookies) und Tracking-Cookies (Cookies, die Ihr Verhalten auf der [&hellip;]","og_url":"https:\/\/d-identify.be\/de\/cookie-richtlinie\/","og_site_name":"d-identify","article_modified_time":"2024-05-22T08:14:28+00:00","og_image":[{"width":3989,"height":1675,"url":"https:\/\/d-identify.be\/wp-content\/uploads\/2022\/07\/Logo-creating-Print-Solutions.png","type":"image\/png"}],"twitter_card":"summary_large_image","twitter_misc":{"Gesch\u00e4tzte Lesezeit":"5\u00a0Minuten"},"schema":{"@context":"https:\/\/schema.org","@graph":[{"@type":"WebPage","@id":"https:\/\/d-identify.be\/de\/cookie-richtlinie\/","url":"https:\/\/d-identify.be\/de\/cookie-richtlinie\/","name":"Cookie-Richtlinie - d-identify","isPartOf":{"@id":"https:\/\/d-identify.be\/de\/#website"},"datePublished":"2021-08-30T09:09:02+00:00","dateModified":"2024-05-22T08:14:28+00:00","breadcrumb":{"@id":"https:\/\/d-identify.be\/de\/cookie-richtlinie\/#breadcrumb"},"inLanguage":"de","potentialAction":[{"@type":"ReadAction","target":["https:\/\/d-identify.be\/de\/cookie-richtlinie\/"]}]},{"@type":"BreadcrumbList","@id":"https:\/\/d-identify.be\/de\/cookie-richtlinie\/#breadcrumb","itemListElement":[{"@type":"ListItem","position":1,"name":"Home","item":"https:\/\/d-identify.be\/de\/home-2\/"},{"@type":"ListItem","position":2,"name":"Cookie-Richtlinie"}]},{"@type":"WebSite","@id":"https:\/\/d-identify.be\/de\/#website","url":"https:\/\/d-identify.be\/de\/","name":"d-identify","description":"Industrial identification - Lockout - Tagout - Floor marking","potentialAction":[{"@type":"SearchAction","target":{"@type":"EntryPoint","urlTemplate":"https:\/\/d-identify.be\/de\/?s={search_term_string}"},"query-input":{"@type":"PropertyValueSpecification","valueRequired":true,"valueName":"search_term_string"}}],"inLanguage":"de"}]}},"_links":{"self":[{"href":"https:\/\/d-identify.be\/de\/wp-json\/wp\/v2\/pages\/22139","targetHints":{"allow":["GET"]}}],"collection":[{"href":"https:\/\/d-identify.be\/de\/wp-json\/wp\/v2\/pages"}],"about":[{"href":"https:\/\/d-identify.be\/de\/wp-json\/wp\/v2\/types\/page"}],"author":[{"embeddable":true,"href":"https:\/\/d-identify.be\/de\/wp-json\/wp\/v2\/users\/1"}],"replies":[{"embeddable":true,"href":"https:\/\/d-identify.be\/de\/wp-json\/wp\/v2\/comments?post=22139"}],"version-history":[{"count":0,"href":"https:\/\/d-identify.be\/de\/wp-json\/wp\/v2\/pages\/22139\/revisions"}],"wp:attachment":[{"href":"https:\/\/d-identify.be\/de\/wp-json\/wp\/v2\/media?parent=22139"}],"curies":[{"name":"wp","href":"https:\/\/api.w.org\/{rel}","templated":true}]}}